{"id":235,"date":"2011-08-04T21:03:27","date_gmt":"2011-08-04T21:03:27","guid":{"rendered":"http:\/\/www.mead-performance.de\/md\/?page_id=235"},"modified":"2018-05-22T19:45:53","modified_gmt":"2018-05-22T19:45:53","slug":"infos","status":"publish","type":"page","link":"https:\/\/www.mead-performance.de\/md\/?page_id=235","title":{"rendered":"Infos"},"content":{"rendered":"<p><a name=\"top\"><\/a><\/p>\n<p><a href=\"#1\">1. Infos zu den Hauptfiguren &amp; externe Links<\/a><br \/>\n<a href=\"#2\">2. Margaret Mead. Ein Statement von Gary Heidt und Cassandra Weston<\/a><br \/>\n<a href=\"#3\">3. Gedanken zum Script aus Perspektive der &#8220;Kuratorin&#8221;<\/a><br \/>\n<a href=\"#4\">4. Zusatzbemerkung<\/a><\/p>\n<p><a name=\"1\"><\/a><\/p>\n<p><strong>1. <\/strong><\/p>\n<p><strong>Infos zu den Hauptfiguren &amp; externe Links<\/strong><\/p>\n<p><strong><img loading=\"lazy\" decoding=\"async\" title=\"Derek_Freeman2\" src=\"http:\/\/www.mead-performance.de\/md\/wp-content\/uploads\/2011\/07\/Derek_Freeman2.jpg\" alt=\"\" width=\"135\" height=\"144\" align=\"right\" \/>Derek Freeman<\/strong> (1916-2001), gr\u00f6\u00dfter Kritiker von Margaret Mead, der ihre Forschungen zu Samoa als \u201aL\u00fcgengeschichten\u2019 geoutet hat.<br \/>\n<em>Weitere Infos: &#8220;Tales from the Jungle&#8221; (BBC-Dokumentation, externe Links zu <\/em>YouTube<em>): <a href=\"http:\/\/www.youtube.com\/watch?v=2p113_9OQMw\" target=\"_blank\" rel=\"noopener\">[Teil 1]<\/a> <a href=\"http:\/\/www.youtube.com\/watch?v=a9HNzhV0CjI\" target=\"_blank\" rel=\"noopener\">[Teil 2]<\/a> <a href=\"%20http:\/\/www.youtube.com\/watch?v=LFdaW1kZOaA\" target=\"_blank\" rel=\"noopener\">[Teil 3]<\/a> <a href=\"http:\/\/www.youtube.com\/watch?v=XDLyQb5Pd3w\" target=\"_blank\" rel=\"noopener\">[Teil 4]<\/a> <a href=\"http:\/\/www.youtube.com\/watch?v=RQnfbAEg_uQv\" target=\"_blank\" rel=\"noopener\">[Teil 5]<\/a> <a href=\"http:\/\/www.youtube.com\/watch?v=OrdTDbUIeKk\" target=\"_blank\" rel=\"noopener\">[Teil 6]<\/a><\/em><\/p>\n<p><strong>Margaret Mead<\/strong> (1901-1978), amerikanische Kulturanthropologin und Ikone (eine der bekanntesten Wissenschaftlerinnen-Pers\u00f6nlichkeiten des 20. Jahrhunderts \u2013 zumindest in den USA)<\/p>\n<p><strong>Gregory Bateson<\/strong> (1904-1980), Biologe und Anthropologe (\u201ecould act like an aristocrat\u201c), dritter Ehemann von Margaret Mead; die beiden sind sich 1932 bei ihren jeweiligen Forschungen in Neu Guinea \u00fcber den Weg gelaufen (damals war Mead noch mit Reo Fortune verheiratet).<br \/>\n<em>Dokumentation von Gregory Bateson &amp; Margaret Mead aus dem Jahr 1939: Trance and Dance in Bali<\/em><\/p>\n<p><strong>Ruth Benedict<\/strong> (1887-1948), langj\u00e4hrige on-and-off-Geliebte und Mentorin von Margaret Mead; zun\u00e4chst war Benedict Meads Hochschullehrerin (im Jahr 1922)<\/p>\n<p><strong>Marie Bloomfield<\/strong> (1905?-1923), Liaison von Margaret Mead am Barnard College, die sich im Alter von 18 Jahren umbrachte \u2013 in dem Moment, in dem sich Mead einer anderen Studentin des College zugewandt hatte. Ihren Selbstmord bildete Bloomfield einer britischen Romanvorlage nach W.N.P. Barbellion (\u201eThe Journal of a disappointed man\u201c).<\/p>\n<p><strong>Reo Fortune<\/strong> (1903-1979), neuseel\u00e4ndischer Psychologe (\u201erough masculinity\u201c) und zweiter Ehemann von Margaret Mead; begegnete Mead bei ihrer R\u00fcckreise von Samoa im Jahr 1926 auf dem Schiff (damals war Mead noch mit ihrem ersten Mann Luther Cressman verheiratet). Die Ehe dauerte von 1928 bis 1935.<\/p>\n<p><strong>Larry (Lawrence) Frank<\/strong> (1890-1968), war f\u00fchrendes Mitglied der Rockefeller Foundation, und entwickelte gro\u00dfe Pl\u00e4ne, um \u00fcber \u00c4nderungen in der Kindererziehung Einfluss auf die Probleme der amerikanische Gesellschaft zu nehmen. Zusammen mit Mead und Bateson arbeitete er an der Umsetzung seiner Visionen.<\/p>\n<p><strong>Edward Sapir<\/strong> (1884-1939), enger Vertrauter von Ruth Benedict und Abschnittsgeliebter von Margaret Mead; Margaret Mead hat ihn 1924 auf einer Tagung der \u201eBritish Society for the Advancement of Science\u201c in Toronto kennengelernt; damals hatte er bereits ein Verh\u00e4ltnis mit Ruth Benedict gehabt \u2013 ein Grund, warum er auch f\u00fcr Mead anziehen war, die damals bereits eine Verbindung mit Ruth Benedict eingegangen war.<\/p>\n<p><strong>Benjamin Spock<\/strong> (1903-1998), Kinderarzt der gemeinsamen Tochter von Margaret Mead und Gregory Bateson. Sein Buch zur Kindererziehung, das seine gemeinsamen Forschungen mit Mead zu ihrer Tochter miteinbezieht, hat die amerikanische Einstellung in diesem Bereich ma\u00dfgeblich mitgepr\u00e4gt.<\/p>\n<p><a href=\"#top\">[top]<\/a><\/p>\n<p><a name=\"2\"><\/a><\/p>\n<p><strong>2.<\/strong><\/p>\n<p><strong>Margaret Mead. <\/strong><br \/>\n<strong>Ein Statement von Gary Heidt und Cassandra Weston<\/strong><\/p>\n<p><img loading=\"lazy\" decoding=\"async\" class=\"alignnone size-full wp-image-262\" title=\"mead\" src=\"http:\/\/www.mead-performance.de\/md\/wp-content\/uploads\/2011\/08\/mead.jpg\" alt=\"\" width=\"309\" height=\"218\" align=\"right\" srcset=\"https:\/\/www.mead-performance.de\/md\/wp-content\/uploads\/2011\/08\/mead.jpg 441w, https:\/\/www.mead-performance.de\/md\/wp-content\/uploads\/2011\/08\/mead-300x211.jpg 300w\" sizes=\"auto, (max-width: 309px) 100vw, 309px\" \/>Her personal and intellectual life are deeply connected. Mead was erotically drawn to both men and women&#8211; seemingly more passionately to women, although she kept her same-sex relationships secret during her lifetime. She espoused &#8220;free love,&#8221; a philosophy in which the highest value was the absence of jealousy, and considered homosexuality a pathological condition. Ruth Benedict and Edward Sapir, along with Mead, are considered the central figures of the Culture and Personality school; Mead had sexual relationships with both of them. Mead&#8217;s anthropology, which she called &#8220;fiction,&#8221; was a projection of her conflicted desires. She desired women, but felt that to be a woman she needed to bear children and be heterosexual. Her anthropological fictions were central to foundation-funded initiatives to reshape American society, starting with changes in the way American children were raised and educated, a process she called &#8220;culture planning,&#8221; in which she was a willing participant.<\/p>\n<p>Mead&#8217;s overwhelmingly dominant trait is ambition, but she wears a mask of the scholar, of the curator, of the anthropologist. She learned early to &#8220;crack cultures&#8221; to achieve her objectives and she quickly cracked the culture of anthropology itself&#8211; saw it as professing a set of overt values, A, and acting out a set of real values, B, and used them both to achieve her own goals, C. But in the end she knew Freeman was coming to discredit her, and only wanted to get away with it for as long as she needed to get away.<\/p>\n<p>Boas and the elites represented by the Putnams and Jesups recognized her vigor, energy and cast her as a curator, but as a specific new kind of curator&#8211; as a popularizer of anthropology. Later Larry Frank as the representative of the Rockefeller oil and banking fortune would recognize her usefulness as a tool to bulldoze traditional values and help implant a designed culture that would pacify the proletariat. But Boas&#8217; deal backfired when Freeman&#8217;s critique undermined the entire science of anthropology six decades later and Frank&#8217;s deal backfired when Mead&#8217;s crypto-ideology ended up encouraging the very sorts of &#8220;deviance&#8221; he had hoped it would eradicate&#8230;.<\/p>\n<p>Our concern here is to transform this story into five to seven visually arresting, living dioramas that show the career of MM as a curator not only of a museum, but as someone who transformed the culture she came from, inverting the museum, first inventing and imposing the notions of culture and personality in order to make them into tools to transform the culture, eventually making it into a sort of dollhouse diorama in which her visions of power allowed herself to believe she could play God and reprogram her own people.<\/p>\n<p>At the end of her life she affected a cape and forked walking stick&#8211; in this show we will show her in this garb throughout, although we may change the color or other details. This costume simultaneously suggests the innocence and sexual openness of a Little Red Riding Hood and a sort of devil&#8217;s garb, in which she&#8217;s a very American kind of Old Scratch.<\/p>\n<p>Is there a sense in which Margaret, on a mission to record the ways of people who are being killed off by industrialization, (and fictionalizing that record as a way of manipulating her own culture), is haunted by the cultures she is kindly helping to liquidate? Or that Margaret, projected outward by her difference, returns again as their weapon of veangence?<\/p>\n<p>The technocratic curator projects her unconscious by performing a fiction of the primitive?<\/p>\n<p><em>Gary Heidt \/ Cassandra Weston, Script Writers &amp; Directors<\/em><\/p>\n<p><a href=\"#top\">[top]<\/a><\/p>\n<p><a name=\"3\"><\/a><\/p>\n<p><strong>3. <\/strong><\/p>\n<p><strong>Gedanken zum Script aus Perspektive der &#8220;Kuratorin&#8221;<\/strong><\/p>\n<p><strong>Objekte schaffen<\/strong><em><strong> versus <\/strong><\/em><strong>Im Fluss bleiben<\/strong><br \/>\nDas Script versammelt kontr\u00e4re Positionen zur Frage objektschaffender und objektaufl\u00f6sender bzw. -verwandelnder Praxen. Man k\u00f6nnte sagen, dass sich Theater an der Schnittstelle zwischen objektschaffenden und objektaufl\u00f6senden Praxen befindet. Auf der einen Seite gibt es im Theater die objekthafte Geschlossenheit des B\u00fchnenbilds oder auch die bildhafte Qualit\u00e4t der Szene, und auf der anderen Seite die lebendigen, letztlich nicht zum Objekt reduzierbaren und in st\u00e4ndiger Verwandlung begriffenen DarstellerInnen und Zuschauenden.<\/p>\n<p><strong><em>Von der Mikro\u00f6konomie des F\u00fchlens zur Makro\u00f6konomie der Gesellschaft<\/em><\/strong><br \/>\nDas Script diskutiert die Spannung zwischen diesen beiden Polen sowohl auf der Ebene der Gef\u00fchle, seien sie nun authentisch oder nicht, als auch auf der Ebene sozialer und \u00f6konomischer Ph\u00e4nomene. Es artikuliert diesbez\u00fcglich radikale Positionen und stellt diese nebeneinander, ohne ihre Widerspr\u00fcche aufzul\u00f6sen: z.B. die Spannung zwischen den Aussagen \u201eEifers\u00fcchtige Liebe ist besitzergreifend und immer schlecht\u201c und \u201eLiebe, die keine Eifersucht kennt, ist gar keine\u201c. Auch wissenschaftliche und \u00f6konomische Praxen k\u00f6nnen unter dieser \u201eFrage des Objekts\u201c behandelt werden. So sind wissenschaftliche Thesen, Modelle, Aussagen auch als gegenstands\u00e4hnliche Werkzeuge verstehbar, mit denen Gesellschaft faktisch ver\u00e4ndert wird, ethnologische Wahrheiten produziert werden, K\u00f6rper und Geist von Menschen geformt werden. Das ist Chance und Fluch zugleich. Gleichzeitig k\u00f6nnte man sagen, wer keine Objekte mehr schaffen m\u00f6chte, an denen sich dann auch niemand mehr festhalten kann, l\u00f6st sich auf in einer neoliberalen, kapitalistischen Logik und hat der Welt nichts mehr entgegenzusetzen.<\/p>\n<p><strong><em>Margaret Meads Leben und Arbeiten als thematisches Prisma<\/em><\/strong><br \/>\nMargaret Mead ist f\u00fcr diese Fragestellungen ein dankbares Thema, weil diese Widerspr\u00fcche zwischen objektschaffenden und objektaufl\u00f6senden Praxen in ihrem Leben manifest werden. So hat Mead ein \u00e4u\u00dferst reiches, wechselvolles und vielf\u00e4ltiges Beziehungsleben mit M\u00e4nnern und Frauen gelebt (hat hier also immer nur stellenweise an Menschen festgehalten) und auch seit Beginn ihrer wissenschaftlichen Karriere letztlich keinen festen Wohnsitz mehr gehabt. Andererseits ist sie in die amerikanische Kulturgeschichte eingegangen, gerade weil sie stets bereit war, scheinbar allgemeing\u00fcltige Aussagen zu allen m\u00f6glichen Themenfeldern ihrer Zeit machen. Ihre eigenen \u201eExperimente\u201c mit ihrer Tochter Catherine Mary Bateson im S\u00e4uglingsalter haben letztlich die Kinderpflege in den USA und dar\u00fcber hinaus revolutioniert. Mead hatte also nicht die geringste Angst, Dinge, Gegenst\u00e4nde, Theorien in die Welt zu bringen, und doch gleichzeitig ein \u00e4u\u00dferst fluides, flexibles und riskantes Beziehungsleben pr\u00e4feriert.<\/p>\n<p>Der Ort, an dem die Spannung zwischen Objekt und Fluss\/Prozess\/Bewegung immer schon zugunsten des Objekts entschieden zu sein scheint, ist das Museum. Die Brisanz, die im \u201aObjektkult\u2019 steckt, dr\u00fcckt sich im ethnologischen Museum ganz besonders aus, da es hier ganz explizit um den Bezug auf die menschliche Lebensgestaltung geht. Als Kuratorin des American Museum of Natural History hat Mead eine Dauerausstellung \u00fcber den pazifischen Raum konzipiert, in der dieser inh\u00e4rente Widerspruch zwischen \u201astatischen Objekten\u2019 und \u201abewegtem Leben\u2019 ebenfalls zu Tage tritt: In Kooperation mit dem K\u00fcnstler Preston McClanahan hat sie die von ihr (zum guten Teil selbst im Pazifik) gesammelten Objekte in Damian-Hirst-artige Glask\u00e4sten gebannt. Diese Glask\u00e4sten waren (damals noch) von allen Seiten durchsichtig, was sozusagen eine Spannung schaffte zwischen \u201eeinzelnen Objekten einen Schrein bauen\u201c und \u201edie Objekte als Ensemble pr\u00e4sentieren\u201c. Da die Objekte zus\u00e4tzlich an durchsichtigen Plexiglas-Tr\u00e4gern angebracht waren, wirkte es, als w\u00fcrden die Gegenst\u00e4nde in den Vitrinen schweben. Zusammen mit Preston McClanahan hat Mead die Ausstellung selbst als ein multimediales Diorama begriffen. Eine Toninstallation mit Musik und Meeresstimmungen aus dem Pazifik, eine Lichtinstallation, die das Licht im Pazifik simulierte, sollten zusammen mit den dioramatischen Glask\u00e4sten daf\u00fcr sorgen, dass die BesucherInnen selbst das Gef\u00fchl h\u00e4tten, in der pazifischen Inselwelt zu stehen. Das hei\u00dft aber auch eine Entwertung der Objekte als Einzelne zugunsten ihrer ensemblebildenden, szenografischen \u2013 das hei\u00dft auch: die Schauenden einbeziehenden \u2013 Kraft. Dieser Punkt ber\u00fchrt meines Erachtens zentral die Spannung zwischen Bildender Kunst und Theater- und Performance-Formaten. In der Kunsttheorie dr\u00fcckt sich dieser Konflikt beispielsweise im starken Vorbehalt gegen die Theatralit\u00e4t minimalistischer Objektensembles aus (siehe Michael Fried: art and objecthood).<\/p>\n<p><strong><em>Tableaux vivants<\/em><\/strong><br \/>\nDiese Spannung soll mit Hilfe der Tableaux vivants im wahrsten Sinne des Wortes ausgestellt werden. Die Tableaux sind Objekte einer Ausstellung, die den ZuschauerInnen auch als Exponate pr\u00e4sentiert werden. Zugleich sind sie aber auch Szenen, in denen lebendige Menschen (SchauspielerInnen) agieren. Anders als Gegenst\u00e4nde k\u00f6nnen Menschen zur\u00fcckblicken. Die Schaulust der ZuschauerInnen wird also notwendigerweise gebremst bzw. sie wird riskant. Was passiert, wenn die Objekte zur\u00fcckblicken? Die Tableaux eignen sich Meads Leben an, so wie Mead selbst sich die pazifischen Inselwelten angeeignet hat und wie \u00fcberhaupt die Ethnologie sich fremde Kulturen aneignet bzw. angeeignet hat \u2013 beispielsweise in den historischen Formaten der V\u00f6lkerschau oder der skulpturierten Menschengruppe, die bei typisierten kulturellen Praxen gezeigt wird. Die Inszenierung versteht sich insofern auch als kritische Auseinandersetzung mit der ethnologischen Ausstellungsambition, indem sie den ethnologischen Blick auf das Eigene \u2013 hier: auf eine Ikone der Ethnologie und auf die uns vertraute Form der musealen Weltaneignung \u2013 richtet und nicht auf ein imaginiertes Fremdes. Dadurch soll zugleich das Lustvolle wie auch das \u201aUngem\u00fctliche\u2019 dieser repr\u00e4sentativen Praxen explizit mitausgestellt werden.<\/p>\n<p><strong><em>Die Texte<\/em><\/strong><br \/>\nBei den Texten handelt es sich mehrheitlich um eine Collage aus historischen Originaltexten. So stammen beispielsweise die Texte aus \u201eMarie\u2019s Death\u201c aus Edward Carpenters \u201eLove\u2019s coming of age\u201c aus dem Jahr 1902 und von Havelock Ellis \u201eStudies in the Psychology of Sex\u201c (1897-1928). Die Szene im Grand Canyon bezieht sich stellenweise auf einen Vortrag, den Edward Sapir zum Thema von Sexualit\u00e4t und Liebe gehalten hat und das Arrangement auf Samoa gibt Originalausschnitte aus Meads ber\u00fchmten Werk \u201eComing of Age in Samoa\u201c wieder. Das Script versammelt so vor allem Texte, die Mead selbst rezipiert hat oder die eben aus ihrem unmittelbaren pers\u00f6nlichen und wissenschaftlichen Umfeld stammen.<\/p>\n<p><em>Sabine Manke, Kuratorin<\/em><\/p>\n<p><a href=\"#top\">[top]<\/a><\/p>\n<p><a name=\"4\"><\/a><\/p>\n<p><strong>4. <\/strong><\/p>\n<p><strong>Zusatzbemerkung<\/strong><\/p>\n<p>Der Film &#8220;Woodoo-Baby \u2013 Sex und schwarze Magie in der Karibik&#8221; (Italien\/Dominikanische Republik 1980, R: Joe D&#8217;Amato), auch unter dem Titel &#8220;Insel der Leidenschaft&#8221; ver\u00f6ffentlicht, hat nur zuf\u00e4llig einen \u00e4hnlichen Titel und hat mit der Performance &#8220;Margaret Mead: Islands of Passion&#8221; nichts zu tun. Gem\u00e4\u00df Wikipedia.de beschreibt ihn das Lexikon des Internationalen Films als <em>&#8220;Kolportage in exotischer Landschaftskulisse, die vor allem der Pr\u00e4sentation von Sexszenen dient.&#8221;<\/em><\/p>\n<p><em>Martin Esters, Filmwissenschaftler<\/em><\/p>\n<p><a href=\"#top\">[top]<\/a><\/p>\n","protected":false},"excerpt":{"rendered":"<p>1. Infos zu den Hauptfiguren &amp; externe Links 2. Margaret Mead. Ein Statement von Gary Heidt und Cassandra Weston 3. Gedanken zum Script aus Perspektive der &#8220;Kuratorin&#8221; 4. Zusatzbemerkung 1. Infos zu den Hauptfiguren &amp; externe Links Derek Freeman (1916-2001), &hellip; <a href=\"https:\/\/www.mead-performance.de\/md\/?page_id=235\">Weiterlesen <span class=\"meta-nav\">&rarr;<\/span><\/a><\/p>\n","protected":false},"author":1,"featured_media":0,"parent":0,"menu_order":0,"comment_status":"closed","ping_status":"open","template":"","meta":{"footnotes":""},"class_list":["post-235","page","type-page","status-publish","hentry"],"_links":{"self":[{"href":"https:\/\/www.mead-performance.de\/md\/index.php?rest_route=\/wp\/v2\/pages\/235","targetHints":{"allow":["GET"]}}],"collection":[{"href":"https:\/\/www.mead-performance.de\/md\/index.php?rest_route=\/wp\/v2\/pages"}],"about":[{"href":"https:\/\/www.mead-performance.de\/md\/index.php?rest_route=\/wp\/v2\/types\/page"}],"author":[{"embeddable":true,"href":"https:\/\/www.mead-performance.de\/md\/index.php?rest_route=\/wp\/v2\/users\/1"}],"replies":[{"embeddable":true,"href":"https:\/\/www.mead-performance.de\/md\/index.php?rest_route=%2Fwp%2Fv2%2Fcomments&post=235"}],"version-history":[{"count":18,"href":"https:\/\/www.mead-performance.de\/md\/index.php?rest_route=\/wp\/v2\/pages\/235\/revisions"}],"predecessor-version":[{"id":453,"href":"https:\/\/www.mead-performance.de\/md\/index.php?rest_route=\/wp\/v2\/pages\/235\/revisions\/453"}],"wp:attachment":[{"href":"https:\/\/www.mead-performance.de\/md\/index.php?rest_route=%2Fwp%2Fv2%2Fmedia&parent=235"}],"curies":[{"name":"wp","href":"https:\/\/api.w.org\/{rel}","templated":true}]}}