{"id":6,"date":"2011-07-26T12:11:44","date_gmt":"2011-07-26T12:11:44","guid":{"rendered":"http:\/\/www.mead-performance.de\/md\/?page_id=6"},"modified":"2018-08-01T20:02:00","modified_gmt":"2018-08-01T20:02:00","slug":"islands-of-passion","status":"publish","type":"page","link":"https:\/\/www.mead-performance.de\/md\/?page_id=6","title":{"rendered":"Performance"},"content":{"rendered":"<p style=\"text-align: left;\">\n<strong>a bilingual gesamtkunstwerk celebrating her 110th geburtstag<\/strong><\/p>\n<p style=\"text-align: left;\"><strong>6. August 2011, 20.30 Uhr (Premiere)<\/strong><br \/>\nWeitere Vorstellungen: <strong>8. bis 12. August<\/strong>, je 20:30 Uhr<br \/>\nWestwerk-Gel\u00e4nde, ehemalige Mensa<br \/>\nKarl-Heine-Stra\u00dfe 87, 04229 Leipzig<\/p>\n<p style=\"text-align: left;\">A Conscientious Mythmakers Production<br \/>\nvon Cassandra Weston, Gary Heidt und Sabine Manke.<\/p>\n<p style=\"text-align: left;\">In Kooperation mit dem \u201cMead-Project\u201d und der Schaub\u00fchne Lindenfels.<br \/>\nMit freundlicher Unterst\u00fctzung des <a href=\"https:\/\/de.usembassy.gov\/de\/die-botschaft-und-die-konsulate\/konsulat-leipzig\/\" target=\"_blank\" rel=\"noopener\">Generalkonsulats der USA in Leipzig<\/a><\/p>\n<p>&nbsp;<\/p>\n<p><img loading=\"lazy\" decoding=\"async\" class=\"alignnone size-full wp-image-323\" title=\"DSC_5738\" src=\"http:\/\/www.mead-performance.de\/md\/wp-content\/uploads\/2011\/07\/DSC_5738.jpg\" alt=\"\" width=\"500\" height=\"332\" srcset=\"https:\/\/www.mead-performance.de\/md\/wp-content\/uploads\/2011\/07\/DSC_5738.jpg 500w, https:\/\/www.mead-performance.de\/md\/wp-content\/uploads\/2011\/07\/DSC_5738-300x199.jpg 300w\" sizes=\"auto, (max-width: 500px) 100vw, 500px\" \/><\/p>\n<p><a href=\"#infos\">Infos zu &#8220;Margaret Mead: Inseln der Leidenschaft&#8221;<\/a><br \/>\n<a href=\"#about\">About &#8220;Margaret Mead: Islands of Passion&#8221;<\/a><br \/>\n<a name=\"infos\"><\/a><br \/>\n<strong>Infos zu &#8220;Margaret Mead: Inseln der Leidenschaft&#8221;<\/strong><\/p>\n<p><strong><em>Sex, Love, Betrayal<\/em><\/strong> \u2013 das Leben der amerikanischen Kulturanthropologin und Dokumentarfilmerin Margaret Mead hat selbst filmreife Qualit\u00e4ten. An nichts konnte und wollte sie wirklich festhalten. Weder an ihren zahlreichen m\u00e4nnlichen und weiblichen Geliebten, noch ihren Ehem\u00e4nnern und schon gar nicht an ihren Ansichten zu wirklich ALLEN denkbaren Themen und Problemfeldern ihrer Zeit.<br \/>\nDie Performance eignet sich Meads Leben in Form von f\u00fcnf Tableaux vivants an, um \u2013 once and for all! \u2013 die Frage zu beantworten, ob wir lieben k\u00f6nnen ohne zu besitzen, erkennen ohne zu zerst\u00f6ren und dem Fremden begegnen ohne es uns einzuverleiben. Wir treffen Mead als junge Forscherin auf Samoa, malariakranke Schwangere auf den Admiralit\u00e4tsinseln, als Mutter, Ehefrau, Geliebte, Wissenschaftlerin und \u00f6ffentliche Figur mit postmissionarischem Eifer.<br \/>\nEs k\u00f6nnte so sch\u00f6n sein, sie als Heldin zu verehren&#8230; Jedoch: Einen Spielverderber gibt es immer. So auch hier, aber der kommt erst zum Schluss.<br \/>\nDavor ist Museum, das sich gewaschen hat! H\u00f6ren Sie den Bildern beim Geschichtenerz\u00e4hlen zu und vernehmen Sie den ureigenen Klang der Tableaux mit Ohren, von denen Sie gar nicht wussten, dass Sie sie hatten.<br \/>\nLet yourself be alienated!<br \/>\n<a name=\"about\"><\/a><br \/>\n<strong>About &#8220;Margaret Mead: Islands of Passion&#8221;<\/strong><\/p>\n<p><strong><em>Sex, Liebe, Verrat<\/em><\/strong> \u2013 the life of the cultural anthropologist and filmmaker Margaret Mead had enough drama for a Hollywood film. Of all the things she loved in her life, she only clung to fame: she abandoned her numerous male and female lovers, her husbands, her only child, and the hope that science could reveal the truth about its subjects.<br \/>\nThe performance appropriates Mead\u2019s life in the form of five tableaux vivants, in order to \u2013 ein f\u00fcr alle mal! \u2013 ask the question, whether we can love without owning, discover without destroying, and encounter the foreign without swallowing it. We meet Mead as young researcher on Samoa, as pregnant woman sick with malaria on the Admirality Islands, as mother, wife, lover, scientist, and public figure with postmissionary zeal.<br \/>\nBut wait for the Heretic &#8230; He is to arrive just at the end.<br \/>\nBefore that: the living museum! Come and listen to the images telling their stories, and humming their ambience into ears you didn\u2019t know you had.<br \/>\nLassen Sie sich befremden!<\/p>\n<p>&nbsp;<\/p>\n<p>&nbsp;<\/p>\n","protected":false},"excerpt":{"rendered":"<p>a bilingual gesamtkunstwerk celebrating her 110th geburtstag 6. August 2011, 20.30 Uhr (Premiere) Weitere Vorstellungen: 8. bis 12. August, je 20:30 Uhr Westwerk-Gel\u00e4nde, ehemalige Mensa Karl-Heine-Stra\u00dfe 87, 04229 Leipzig A Conscientious Mythmakers Production von Cassandra Weston, Gary Heidt und Sabine &hellip; <a href=\"https:\/\/www.mead-performance.de\/md\/?page_id=6\">Weiterlesen <span class=\"meta-nav\">&rarr;<\/span><\/a><\/p>\n","protected":false},"author":1,"featured_media":0,"parent":0,"menu_order":0,"comment_status":"closed","ping_status":"open","template":"","meta":{"footnotes":""},"class_list":["post-6","page","type-page","status-publish","hentry"],"_links":{"self":[{"href":"https:\/\/www.mead-performance.de\/md\/index.php?rest_route=\/wp\/v2\/pages\/6","targetHints":{"allow":["GET"]}}],"collection":[{"href":"https:\/\/www.mead-performance.de\/md\/index.php?rest_route=\/wp\/v2\/pages"}],"about":[{"href":"https:\/\/www.mead-performance.de\/md\/index.php?rest_route=\/wp\/v2\/types\/page"}],"author":[{"embeddable":true,"href":"https:\/\/www.mead-performance.de\/md\/index.php?rest_route=\/wp\/v2\/users\/1"}],"replies":[{"embeddable":true,"href":"https:\/\/www.mead-performance.de\/md\/index.php?rest_route=%2Fwp%2Fv2%2Fcomments&post=6"}],"version-history":[{"count":34,"href":"https:\/\/www.mead-performance.de\/md\/index.php?rest_route=\/wp\/v2\/pages\/6\/revisions"}],"predecessor-version":[{"id":36,"href":"https:\/\/www.mead-performance.de\/md\/index.php?rest_route=\/wp\/v2\/pages\/6\/revisions\/36"}],"wp:attachment":[{"href":"https:\/\/www.mead-performance.de\/md\/index.php?rest_route=%2Fwp%2Fv2%2Fmedia&parent=6"}],"curies":[{"name":"wp","href":"https:\/\/api.w.org\/{rel}","templated":true}]}}